{"id":407,"date":"2016-11-03T15:49:50","date_gmt":"2016-11-03T14:49:50","guid":{"rendered":"https:\/\/aquadesk.cz\/home\/"},"modified":"2020-01-13T10:59:27","modified_gmt":"2020-01-13T09:59:27","slug":"home","status":"publish","type":"page","link":"http:\/\/aquadesk.cz\/en\/","title":{"rendered":"Home"},"content":{"rendered":"\n\t\t\t<h2>AQUADESK<\/h2>\t\t\t\n\t\t\t\t<p>GREENROOF USING THE HYDROACCUMULATION PLATE AQUADESK IS A STEP INTO THE FUTURE<\/p>\n\t\t\t<a href=\"https:\/\/aquadesk.cz\/en\/properties\/\" target=\"_self\" role=\"button\" rel=\"noopener noreferrer\">\n\t\t\t\t\t\t\tMORE INFORMATION\n\t\t<\/a>\n\t\t\t<h2>UNIQUE FEATURES<\/h2>\n\t\t\t\t<p>The main criteria for the development of AQUADESK\u00a0material are the following:<\/p>\n\t\t\t\t<img decoding=\"async\" src=\"https:\/\/aquadesk.cz\/assets\/uploads\/sites\/720\/2018\/01\/palec_nahoru.svg\" alt=\"palec_nahoru\" title=\"palec_nahoru\" itemprop=\"image\"\/>\n\t\t\t\t\t\t<h3>EASY INSTALLATION<\/h3>\n\t\t\t\t\t\t<p>AQUADESK is one type of material, which addresses all details. This material can even be fully installed by a person without any qualifications. So, our green roof can be used without difficulty even when a family house is built by people on their own.<\/p>\n\t\t\t\t\t\t<!-- CTA -->\n\t\t\t\t<img decoding=\"async\" src=\"https:\/\/aquadesk.cz\/assets\/uploads\/sites\/720\/2018\/01\/kladivo.svg\" alt=\"kladivo\" title=\"kladivo\" itemprop=\"image\"\/>\n\t\t\t\t\t\t<h3>HIGH RESISTANCE TO MECHANICAL DAMAGE<\/h3>\n\t\t\t\t\t\t<p>\u00a0AQUADESK is tested against puncture, punching, etc., while further tests for its durability are still ongoing. The 40 mm AQUADESK version is extremely resistant to all common mechanical effects and can be described as &#8220;almost indestructible&#8221; in this regard.<\/p>\n\t\t\t\t\t\t<!-- CTA -->\n\t\t\t\t<img decoding=\"async\" src=\"https:\/\/aquadesk.cz\/assets\/uploads\/sites\/720\/2018\/01\/kapka.svg\" alt=\"kapka\" title=\"kapka\" itemprop=\"image\"\/>\n\t\t\t\t\t\t<h3>BALANCED DRAINAGE RETENTION PROPERTIES<\/h3>\n\t\t\t\t\t\t<p>e.g. a 40 mm AQUADESK material thickness in a 10\u00b0 inclination can collect up to 20.05 litres of water per m2 of area.<\/p>\n\t\t\t\t\t\t<!-- CTA -->\n\t\t\t\t<img decoding=\"async\" src=\"https:\/\/aquadesk.cz\/assets\/uploads\/sites\/720\/2018\/01\/penize.svg\" alt=\"penize\" title=\"penize\" itemprop=\"image\"\/>\n\t\t\t\t\t\t<h3>HIGH USE VALUE &#8211; &#8220;PRICE \/ POWER&#8221; RATIO<\/h3>\n\t\t\t\t\t\t<p>From the very beginning of development, AQUADESK has been designed to be economically feasible for the widest possible spectrum of consumers.<\/p>\n\t\t\t\t\t\t<!-- CTA -->\n\t\t\t\t<img decoding=\"async\" src=\"https:\/\/aquadesk.cz\/assets\/uploads\/sites\/720\/2018\/01\/list.svg\" alt=\"list\" title=\"list\" itemprop=\"image\"\/>\n\t\t\t\t\t\t<h3>ENVIRONMENTAL FRIENDLINESS<\/h3>\n\t\t\t\t\t\t<p>Thanks to its composition &#8211; up to 90 % recycled material without any chemical treatment &#8211; AQUADESK is environmentally friendly.<\/p>\n\t\t\t\t\t\t<!-- CTA -->\n\t<a href=\"https:\/\/www.nasa.gov\/agency\/sustainability\/greenroofs.html\" target=\"_blank\" rel=\"noopener noreferrer\"><\/a>\n\t\t\t<h5>NASA, NEW YORK, USA<\/h5><h2>Absorbs up to 80 % of precipitation<\/h2>\t\t\t\n\t\t\t\t<p>A long-term study conducted by NASA \u00a0in the city of New York in the US shows that the green roofs absorb approximately 80 % of the rainfall compared to approximately 2 % for standard roofs. In fact, the difference of the impact on the environment is &#8220;incomparable&#8221;.<\/p>\n\t\t\t\t<img decoding=\"async\" src=\"https:\/\/aquadesk.cz\/assets\/uploads\/sites\/720\/2018\/01\/dji_0153-400x300.jpg\" alt=\"ENVIHUT 1\" title=\"ENVIHUT 1\" itemprop=\"image\"  \/>\n\t\t\t\t<img decoding=\"async\" src=\"https:\/\/aquadesk.cz\/assets\/uploads\/sites\/720\/2018\/01\/2016_02_17_ex__0008-400x300.jpg\" alt=\"2016_02_17_ex__0008\" title=\"2016_02_17_ex__0008\" itemprop=\"image\"  \/>\n\t<a href=\"https:\/\/en.wikipedia.org\/wiki\/Tom_Turner\" target=\"_blank\" rel=\"noopener noreferrer\"><\/a>\n\t\t\t<h5>UG, LONDON, UNITED KINGDOM<\/h5><h2>New roofs will be green<\/h2>\t\t\t\n\t\t\t\t&#8220;Will the roofs of new buildings be vegetated? If not, why not?&#8221;\u00a0Tom Turner, English landscape architect, garden historian and professor at the University of Greenwich, London, United Kingdom\n\t\t\t\t<img decoding=\"async\" src=\"https:\/\/aquadesk.cz\/assets\/uploads\/sites\/720\/bb-plugin\/cache\/10350_min-circle.jpg\" alt=\"10350_min\" title=\"10350_min\" itemprop=\"image\"\/>\n\t\t\t\t\t\t\t<p>The working teams of RETEX a.s. and BUT successfully co-operate on the development of a civil engineering material, that could change the dynamics of implementing of the green roofs into the building industry in the Czech Republic. I really appreciate the effort of the AQUADESK material&#8217;s authors to make the installation and the solution of all its details as easy as possible as they are always the most important parts of the final construction.&#8221;<\/p>\n\t\t\t\t\t\t\t\t<h3 class='uabb-testimonial-author-name testimonial-author-name'>prof. Ing. Miloslav Novotn\u00fd, CSc.<\/h3>\t\t\t\t\t\t\t\t\n\t\t\t\t\t\t\t\t\tHead of the Institute of Building Structures, Faculty of Civil Engineering, Brno University of Technology\t\t\t\t\t\t\t\t\n\t\t\t\t<img decoding=\"async\" src=\"https:\/\/aquadesk.cz\/assets\/uploads\/sites\/720\/bb-plugin\/cache\/lvk_7192-circle.jpg\" alt=\"lvk_7192\" title=\"lvk_7192\" itemprop=\"image\"\/>\n\t\t\t\t\t\t\t<p>The name of our company, RETEX, was created by connecting of two words &#8211; &#8220;recycling textiles&#8221;. Recycling isn&#8217;t just the past and the present, but without any question it&#8217;s also the future of our business, among other things thanks to the development of the hydroaccumulating plate AQUADESK, It&#8217;s not just a brand new product of a great perspective, but it&#8217;s also very environmentally-friendly. To us, AQUADESK is on of the synonyms for the future.<\/p>\t\t\t\t\t\t\n\t\t\t\t\t\t\t\t<h3 class='uabb-testimonial-author-name testimonial-author-name'>Robert \u0160imek<\/h3>\t\t\t\t\t\t\t\t\n\t\t\t\t\t\t\t\t\tCEO RETEX a.s.\t\t\t\t\t\t\t\t\n\t\t\t\t<img decoding=\"async\" src=\"https:\/\/aquadesk.cz\/assets\/uploads\/sites\/720\/bb-plugin\/cache\/ing-libor-balik-circle.jpg\" alt=\"Ing. Libor Bal\u00edk\" title=\"Ing. Libor Bal\u00edk\" itemprop=\"image\"\/>\n\t\t\t\t\t\t\t<p><i>With retention and vegetation boards for green roofs I started the first experiments in 2015. The first commercial use then a year later. Since then, with these boards, I have realized about 1000 m2 of flat and 250 m2 of sloping roofs in to the full satisfaction of our customers. Working with the AQUADESK boards is very simple, fast and efficient. The roots of the plants grow through the substrate in to the boards, creating a very well-connected and compact vegetation over time.<\/i><i>.<\/i><\/p>\n\t\t\t\t\t\t\t\t<h3 class='uabb-testimonial-author-name testimonial-author-name'>ing. Libor Bal\u00edk<\/h3>\t\t\t\t\t\t\t\t\n\t\t\t\t\t\t\t\t\tWith retention and vegetation boards for green roofs I started the first experiments in 2015. The first commercial use then a year later. Since then, with these boards, I have realized about 1000 m2 of flat and 250 m2 of sloping roofs in to the full satisfaction of our customers. Working with the AQUADESK boards is very simple, fast and efficient. The roots of the plants grow through the substrate in to the boards, creating a very well-connected and compact vegetation over time.\t\t\t\t\t\t\t\t\n\t\t\t<h2>\n\t\t\t\tOur common goal is to work with local or regional resources for both manufacturing and application.\n\t\t\t<\/h2>\n\t<h6>\n\t\t\t\tThe AQUADESK material is the green roof concept of the \u201enew generation&#8221;. The green roof developed by us is focused on the modern customer, who is not indifferent to where and how he\/she lives.\n\t\t\t<\/h6>\n","protected":false},"excerpt":{"rendered":"<p>AQUADESK GREENROOF USING THE HYDROACCUMULATION PLATE AQUADESK IS A STEP INTO THE FUTURE MORE INFORMATION UNIQUE FEATURES The main criteria for the development of AQUADESK\u00a0material are the following: EASY INSTALLATION AQUADESK is one type of material, which addresses all details. This material can even be fully installed by a person without any qualifications. So, our&hellip;<\/p>\n","protected":false},"author":1,"featured_media":0,"parent":0,"menu_order":0,"comment_status":"closed","ping_status":"open","template":"","meta":{"footnotes":""},"class_list":["post-407","page","type-page","status-publish","hentry"],"yoast_head":"<title>Home - Aquadesk<\/title>\n<meta name=\"robots\" content=\"index, follow, max-snippet:-1, max-image-preview:large, max-video-preview:-1\" \/>\n<link rel=\"canonical\" href=\"https:\/\/aquadesk.cz\/en\/\" \/>\n<meta property=\"og:locale\" content=\"en_US\" \/>\n<meta property=\"og:type\" content=\"article\" \/>\n<meta property=\"og:title\" content=\"Home - Aquadesk\" \/>\n<meta property=\"og:description\" content=\"AQUADESK GREENROOF USING THE HYDROACCUMULATION PLATE AQUADESK IS A STEP INTO THE FUTURE MORE INFORMATION UNIQUE FEATURES The main criteria for the development of AQUADESK\u00a0material are the following: EASY INSTALLATION AQUADESK is one type of material, which addresses all details. This material can even be fully installed by a person without any qualifications. So, our&hellip;\" \/>\n<meta property=\"og:url\" content=\"https:\/\/aquadesk.cz\/en\/\" \/>\n<meta property=\"og:site_name\" content=\"Aquadesk\" \/>\n<meta property=\"article:modified_time\" content=\"2020-01-13T09:59:27+00:00\" \/>\n<meta property=\"og:image\" content=\"https:\/\/aquadesk.cz\/assets\/uploads\/sites\/720\/2018\/01\/palec_nahoru.svg\" \/>\n<meta name=\"twitter:card\" content=\"summary_large_image\" \/>\n<meta name=\"twitter:label1\" content=\"Est. reading time\" \/>\n\t<meta name=\"twitter:data1\" content=\"3 minutes\" \/>\n<script type=\"application\/ld+json\" class=\"yoast-schema-graph\">{\"@context\":\"https:\/\/schema.org\",\"@graph\":[{\"@type\":\"WebPage\",\"@id\":\"https:\/\/aquadesk.cz\/en\/\",\"url\":\"https:\/\/aquadesk.cz\/en\/\",\"name\":\"Home - Aquadesk\",\"isPartOf\":{\"@id\":\"https:\/\/aquadesk.cz\/en\/#website\"},\"datePublished\":\"2016-11-03T14:49:50+00:00\",\"dateModified\":\"2020-01-13T09:59:27+00:00\",\"breadcrumb\":{\"@id\":\"https:\/\/aquadesk.cz\/en\/#breadcrumb\"},\"inLanguage\":\"en-US\",\"potentialAction\":[{\"@type\":\"ReadAction\",\"target\":[\"https:\/\/aquadesk.cz\/en\/\"]}]},{\"@type\":\"BreadcrumbList\",\"@id\":\"https:\/\/aquadesk.cz\/en\/#breadcrumb\",\"itemListElement\":[{\"@type\":\"ListItem\",\"position\":1,\"name\":\"Dom\u016f\",\"item\":\"https:\/\/aquadesk.cz\/en\/\"},{\"@type\":\"ListItem\",\"position\":2,\"name\":\"Home\"}]},{\"@type\":\"WebSite\",\"@id\":\"https:\/\/aquadesk.cz\/en\/#website\",\"url\":\"https:\/\/aquadesk.cz\/en\/\",\"name\":\"Aquadesk\",\"description\":\"RETEX, a.s. spole\u010dn\u011b s Fakultou stavebn\u00ed VUT v Brn\u011b se sna\u017e\u00ed prost\u0159ednictv\u00edm aktu\u00e1ln\u011b vyv\u00edjen\u00e9ho materi\u00e1lu AQUADESK p\u0159in\u00e9st co nejzaj\u00edmav\u011bj\u0161\u00ed a co nejp\u0159esn\u011bji \u201ena m\u00edru \u0161it\u00e9&quot; \u0159e\u0161en\u00ed pro specifick\u00e9 podm\u00ednky \u010cesk\u00e9 republiky, pota\u017emo regionu st\u0159edn\u00ed Evropy.\",\"potentialAction\":[{\"@type\":\"SearchAction\",\"target\":{\"@type\":\"EntryPoint\",\"urlTemplate\":\"https:\/\/aquadesk.cz\/en\/?s={search_term_string}\"},\"query-input\":\"required name=search_term_string\"}],\"inLanguage\":\"en-US\"}]}<\/script>","yoast_head_json":{"title":"Home - Aquadesk","robots":{"index":"index","follow":"follow","max-snippet":"max-snippet:-1","max-image-preview":"max-image-preview:large","max-video-preview":"max-video-preview:-1"},"canonical":"https:\/\/aquadesk.cz\/en\/","og_locale":"en_US","og_type":"article","og_title":"Home - Aquadesk","og_description":"AQUADESK GREENROOF USING THE HYDROACCUMULATION PLATE AQUADESK IS A STEP INTO THE FUTURE MORE INFORMATION UNIQUE FEATURES The main criteria for the development of AQUADESK\u00a0material are the following: EASY INSTALLATION AQUADESK is one type of material, which addresses all details. This material can even be fully installed by a person without any qualifications. So, our&hellip;","og_url":"https:\/\/aquadesk.cz\/en\/","og_site_name":"Aquadesk","article_modified_time":"2020-01-13T09:59:27+00:00","og_image":[{"url":"https:\/\/aquadesk.cz\/assets\/uploads\/sites\/720\/2018\/01\/palec_nahoru.svg"}],"twitter_card":"summary_large_image","twitter_misc":{"Est. reading time":"3 minutes"},"schema":{"@context":"https:\/\/schema.org","@graph":[{"@type":"WebPage","@id":"https:\/\/aquadesk.cz\/en\/","url":"https:\/\/aquadesk.cz\/en\/","name":"Home - Aquadesk","isPartOf":{"@id":"https:\/\/aquadesk.cz\/en\/#website"},"datePublished":"2016-11-03T14:49:50+00:00","dateModified":"2020-01-13T09:59:27+00:00","breadcrumb":{"@id":"https:\/\/aquadesk.cz\/en\/#breadcrumb"},"inLanguage":"en-US","potentialAction":[{"@type":"ReadAction","target":["https:\/\/aquadesk.cz\/en\/"]}]},{"@type":"BreadcrumbList","@id":"https:\/\/aquadesk.cz\/en\/#breadcrumb","itemListElement":[{"@type":"ListItem","position":1,"name":"Dom\u016f","item":"https:\/\/aquadesk.cz\/en\/"},{"@type":"ListItem","position":2,"name":"Home"}]},{"@type":"WebSite","@id":"https:\/\/aquadesk.cz\/en\/#website","url":"https:\/\/aquadesk.cz\/en\/","name":"Aquadesk","description":"RETEX, a.s. spole\u010dn\u011b s Fakultou stavebn\u00ed VUT v Brn\u011b se sna\u017e\u00ed prost\u0159ednictv\u00edm aktu\u00e1ln\u011b vyv\u00edjen\u00e9ho materi\u00e1lu AQUADESK p\u0159in\u00e9st co nejzaj\u00edmav\u011bj\u0161\u00ed a co nejp\u0159esn\u011bji \u201ena m\u00edru \u0161it\u00e9&quot; \u0159e\u0161en\u00ed pro specifick\u00e9 podm\u00ednky \u010cesk\u00e9 republiky, pota\u017emo regionu st\u0159edn\u00ed Evropy.","potentialAction":[{"@type":"SearchAction","target":{"@type":"EntryPoint","urlTemplate":"https:\/\/aquadesk.cz\/en\/?s={search_term_string}"},"query-input":"required name=search_term_string"}],"inLanguage":"en-US"}]}},"_links":{"self":[{"href":"http:\/\/aquadesk.cz\/en\/wp-json\/wp\/v2\/pages\/407","targetHints":{"allow":["GET"]}}],"collection":[{"href":"http:\/\/aquadesk.cz\/en\/wp-json\/wp\/v2\/pages"}],"about":[{"href":"http:\/\/aquadesk.cz\/en\/wp-json\/wp\/v2\/types\/page"}],"author":[{"embeddable":true,"href":"http:\/\/aquadesk.cz\/en\/wp-json\/wp\/v2\/users\/1"}],"replies":[{"embeddable":true,"href":"http:\/\/aquadesk.cz\/en\/wp-json\/wp\/v2\/comments?post=407"}],"version-history":[{"count":22,"href":"http:\/\/aquadesk.cz\/en\/wp-json\/wp\/v2\/pages\/407\/revisions"}],"predecessor-version":[{"id":1314,"href":"http:\/\/aquadesk.cz\/en\/wp-json\/wp\/v2\/pages\/407\/revisions\/1314"}],"wp:attachment":[{"href":"http:\/\/aquadesk.cz\/en\/wp-json\/wp\/v2\/media?parent=407"}],"curies":[{"name":"wp","href":"https:\/\/api.w.org\/{rel}","templated":true}]}}