{"id":973,"date":"2018-01-24T13:31:36","date_gmt":"2018-01-24T12:31:36","guid":{"rendered":"https:\/\/aquadesk.cz\/pouziti\/"},"modified":"2018-09-10T20:58:56","modified_gmt":"2018-09-10T18:58:56","slug":"verwendung","status":"publish","type":"page","link":"http:\/\/aquadesk.cz\/de\/verwendung\/","title":{"rendered":"VERWENDUNG"},"content":{"rendered":"<h1>\n\t\t\t\tVERWENDUNG<br \/>\n\t\t\t<\/h1>\n<h3>\n\t\tDACHTYPEN<br \/>\n\t<\/h3>\n<p>Die wasserspeichernde <strong>AQUADESK-Platte<\/strong> kann f\u00fcr folgende Dachtypen verwendet werden:<br \/>\n\u2022 extensiv zu pflegende Flachd\u00e4cher <br \/>\n\u2022 biologisch artenreiche Varianten <br \/>\n\u2022 halbintensiv zu pflegende Flachd\u00e4cher<br \/>\n\u2022 intensiv zu pflegende D\u00e4cher <br \/>\n\u2022 extensiv zu pflegende (je nach gew\u00e4hlter Aufh\u00e4ngung, St\u00fctzung) unter 25\u00b0geneigte Schr\u00e4gd\u00e4cher <br \/>\n\u2022 biologisch artenreiche (je nach gew\u00e4hlter Aufh\u00e4ngung, St\u00fctzung) bis zu 30\u00b0geneigte Schr\u00e4gd\u00e4cher <br \/>\n\u2022 wasserspeichernde, vegetationslose D\u00e4cher<\/p>\n<p>\nDas <strong>AQUADESK-Material<\/strong> kann au\u00dferdem der Wasserspeicherung auf anderen D\u00e4chern, bzw. auf sonstigen Fl\u00e4chen, als Schutzschicht von Fundamentkonstruktionen oder auch dazu dienen, um verschiedene, mechanisch best\u00e4ndige, gegen Wasser isolierende Schichten zu bilden. <\/p>\n<p>\t\t\t<a href=\"https:\/\/aquadesk.cz\/assets\/uploads\/sites\/720\/2018\/09\/AQUADESK_Green-roof-compositions_STANDARD-PROPOSALS-1.pdf\" target=\"_blank\" rel=\"noopener\"  role=\"button\"><br \/>\n\t\t\t\t\t\t\tSTANDARD GREEN ROOF COMPOSITIONS<br \/>\n\t\t<\/a><br \/>\n\t\t\t<a href=\"https:\/\/aquadesk.cz\/assets\/uploads\/sites\/720\/2018\/09\/AQUADESK_Green-roof-compositions_ANOTHER-PROPOSALS-1.pdf\" target=\"_blank\" rel=\"noopener\"  role=\"button\"><br \/>\n\t\t\t\t\t\t\tANOTHER GREEN ROOF COMPOSITIONS<br \/>\n\t\t<\/a><\/p>\n<h3>\n\t\tDETAILS DER INSTALLATION<br \/>\n\t<\/h3>\n","protected":false},"excerpt":{"rendered":"<p>VERWENDUNG DACHTYPEN Die wasserspeichernde AQUADESK-Platte kann f\u00fcr folgende Dachtypen verwendet werden: \u2022 extensiv zu pflegende Flachd\u00e4cher \u2022 biologisch artenreiche Varianten \u2022 halbintensiv zu pflegende Flachd\u00e4cher \u2022 intensiv zu pflegende D\u00e4cher \u2022 extensiv zu pflegende (je nach gew\u00e4hlter Aufh\u00e4ngung, St\u00fctzung) unter 25\u00b0geneigte Schr\u00e4gd\u00e4cher \u2022 biologisch artenreiche (je nach gew\u00e4hlter Aufh\u00e4ngung, St\u00fctzung) bis zu 30\u00b0geneigte Schr\u00e4gd\u00e4cher \u2022&hellip;<\/p>\n","protected":false},"author":1,"featured_media":0,"parent":0,"menu_order":0,"comment_status":"closed","ping_status":"closed","template":"","meta":{"footnotes":""},"class_list":["post-973","page","type-page","status-publish","hentry"],"yoast_head":"<title>VERWENDUNG - Aquadesk<\/title>\n<meta name=\"robots\" content=\"index, follow, max-snippet:-1, max-image-preview:large, max-video-preview:-1\" \/>\n<link rel=\"canonical\" href=\"http:\/\/aquadesk.cz\/de\/verwendung\/\" \/>\n<meta property=\"og:locale\" content=\"de_DE\" \/>\n<meta property=\"og:type\" content=\"article\" \/>\n<meta property=\"og:title\" content=\"VERWENDUNG - Aquadesk\" \/>\n<meta property=\"og:description\" content=\"VERWENDUNG DACHTYPEN Die wasserspeichernde AQUADESK-Platte kann f\u00fcr folgende Dachtypen verwendet werden: \u2022 extensiv zu pflegende Flachd\u00e4cher \u2022 biologisch artenreiche Varianten \u2022 halbintensiv zu pflegende Flachd\u00e4cher \u2022 intensiv zu pflegende D\u00e4cher \u2022 extensiv zu pflegende (je nach gew\u00e4hlter Aufh\u00e4ngung, St\u00fctzung) unter 25\u00b0geneigte Schr\u00e4gd\u00e4cher \u2022 biologisch artenreiche (je nach gew\u00e4hlter Aufh\u00e4ngung, St\u00fctzung) bis zu 30\u00b0geneigte Schr\u00e4gd\u00e4cher \u2022&hellip;\" \/>\n<meta property=\"og:url\" content=\"http:\/\/aquadesk.cz\/de\/verwendung\/\" \/>\n<meta property=\"og:site_name\" content=\"Aquadesk\" \/>\n<meta property=\"article:modified_time\" content=\"2018-09-10T18:58:56+00:00\" \/>\n<meta name=\"twitter:card\" content=\"summary_large_image\" \/>\n<meta name=\"twitter:label1\" content=\"Gesch\u00e4tzte Lesezeit\" \/>\n\t<meta name=\"twitter:data1\" content=\"1\u00a0Minute\" \/>\n<script type=\"application\/ld+json\" class=\"yoast-schema-graph\">{\"@context\":\"https:\/\/schema.org\",\"@graph\":[{\"@type\":\"WebPage\",\"@id\":\"http:\/\/aquadesk.cz\/de\/verwendung\/\",\"url\":\"http:\/\/aquadesk.cz\/de\/verwendung\/\",\"name\":\"VERWENDUNG - Aquadesk\",\"isPartOf\":{\"@id\":\"https:\/\/aquadesk.cz\/en\/#website\"},\"datePublished\":\"2018-01-24T12:31:36+00:00\",\"dateModified\":\"2018-09-10T18:58:56+00:00\",\"breadcrumb\":{\"@id\":\"http:\/\/aquadesk.cz\/de\/verwendung\/#breadcrumb\"},\"inLanguage\":\"de\",\"potentialAction\":[{\"@type\":\"ReadAction\",\"target\":[\"http:\/\/aquadesk.cz\/de\/verwendung\/\"]}]},{\"@type\":\"BreadcrumbList\",\"@id\":\"http:\/\/aquadesk.cz\/de\/verwendung\/#breadcrumb\",\"itemListElement\":[{\"@type\":\"ListItem\",\"position\":1,\"name\":\"Dom\u016f\",\"item\":\"http:\/\/aquadesk.cz\/de\/\"},{\"@type\":\"ListItem\",\"position\":2,\"name\":\"VERWENDUNG\"}]},{\"@type\":\"WebSite\",\"@id\":\"https:\/\/aquadesk.cz\/en\/#website\",\"url\":\"https:\/\/aquadesk.cz\/en\/\",\"name\":\"Aquadesk\",\"description\":\"RETEX, a.s. spole\u010dn\u011b s Fakultou stavebn\u00ed VUT v Brn\u011b se sna\u017e\u00ed prost\u0159ednictv\u00edm aktu\u00e1ln\u011b vyv\u00edjen\u00e9ho materi\u00e1lu AQUADESK p\u0159in\u00e9st co nejzaj\u00edmav\u011bj\u0161\u00ed a co nejp\u0159esn\u011bji \u201ena m\u00edru \u0161it\u00e9&quot; \u0159e\u0161en\u00ed pro specifick\u00e9 podm\u00ednky \u010cesk\u00e9 republiky, pota\u017emo regionu st\u0159edn\u00ed Evropy.\",\"potentialAction\":[{\"@type\":\"SearchAction\",\"target\":{\"@type\":\"EntryPoint\",\"urlTemplate\":\"https:\/\/aquadesk.cz\/en\/?s={search_term_string}\"},\"query-input\":\"required name=search_term_string\"}],\"inLanguage\":\"de\"}]}<\/script>","yoast_head_json":{"title":"VERWENDUNG - Aquadesk","robots":{"index":"index","follow":"follow","max-snippet":"max-snippet:-1","max-image-preview":"max-image-preview:large","max-video-preview":"max-video-preview:-1"},"canonical":"http:\/\/aquadesk.cz\/de\/verwendung\/","og_locale":"de_DE","og_type":"article","og_title":"VERWENDUNG - Aquadesk","og_description":"VERWENDUNG DACHTYPEN Die wasserspeichernde AQUADESK-Platte kann f\u00fcr folgende Dachtypen verwendet werden: \u2022 extensiv zu pflegende Flachd\u00e4cher \u2022 biologisch artenreiche Varianten \u2022 halbintensiv zu pflegende Flachd\u00e4cher \u2022 intensiv zu pflegende D\u00e4cher \u2022 extensiv zu pflegende (je nach gew\u00e4hlter Aufh\u00e4ngung, St\u00fctzung) unter 25\u00b0geneigte Schr\u00e4gd\u00e4cher \u2022 biologisch artenreiche (je nach gew\u00e4hlter Aufh\u00e4ngung, St\u00fctzung) bis zu 30\u00b0geneigte Schr\u00e4gd\u00e4cher \u2022&hellip;","og_url":"http:\/\/aquadesk.cz\/de\/verwendung\/","og_site_name":"Aquadesk","article_modified_time":"2018-09-10T18:58:56+00:00","twitter_card":"summary_large_image","twitter_misc":{"Gesch\u00e4tzte Lesezeit":"1\u00a0Minute"},"schema":{"@context":"https:\/\/schema.org","@graph":[{"@type":"WebPage","@id":"http:\/\/aquadesk.cz\/de\/verwendung\/","url":"http:\/\/aquadesk.cz\/de\/verwendung\/","name":"VERWENDUNG - Aquadesk","isPartOf":{"@id":"https:\/\/aquadesk.cz\/en\/#website"},"datePublished":"2018-01-24T12:31:36+00:00","dateModified":"2018-09-10T18:58:56+00:00","breadcrumb":{"@id":"http:\/\/aquadesk.cz\/de\/verwendung\/#breadcrumb"},"inLanguage":"de","potentialAction":[{"@type":"ReadAction","target":["http:\/\/aquadesk.cz\/de\/verwendung\/"]}]},{"@type":"BreadcrumbList","@id":"http:\/\/aquadesk.cz\/de\/verwendung\/#breadcrumb","itemListElement":[{"@type":"ListItem","position":1,"name":"Dom\u016f","item":"http:\/\/aquadesk.cz\/de\/"},{"@type":"ListItem","position":2,"name":"VERWENDUNG"}]},{"@type":"WebSite","@id":"https:\/\/aquadesk.cz\/en\/#website","url":"https:\/\/aquadesk.cz\/en\/","name":"Aquadesk","description":"RETEX, a.s. spole\u010dn\u011b s Fakultou stavebn\u00ed VUT v Brn\u011b se sna\u017e\u00ed prost\u0159ednictv\u00edm aktu\u00e1ln\u011b vyv\u00edjen\u00e9ho materi\u00e1lu AQUADESK p\u0159in\u00e9st co nejzaj\u00edmav\u011bj\u0161\u00ed a co nejp\u0159esn\u011bji \u201ena m\u00edru \u0161it\u00e9&quot; \u0159e\u0161en\u00ed pro specifick\u00e9 podm\u00ednky \u010cesk\u00e9 republiky, pota\u017emo regionu st\u0159edn\u00ed Evropy.","potentialAction":[{"@type":"SearchAction","target":{"@type":"EntryPoint","urlTemplate":"https:\/\/aquadesk.cz\/en\/?s={search_term_string}"},"query-input":"required name=search_term_string"}],"inLanguage":"de"}]}},"_links":{"self":[{"href":"http:\/\/aquadesk.cz\/de\/wp-json\/wp\/v2\/pages\/973","targetHints":{"allow":["GET"]}}],"collection":[{"href":"http:\/\/aquadesk.cz\/de\/wp-json\/wp\/v2\/pages"}],"about":[{"href":"http:\/\/aquadesk.cz\/de\/wp-json\/wp\/v2\/types\/page"}],"author":[{"embeddable":true,"href":"http:\/\/aquadesk.cz\/de\/wp-json\/wp\/v2\/users\/1"}],"replies":[{"embeddable":true,"href":"http:\/\/aquadesk.cz\/de\/wp-json\/wp\/v2\/comments?post=973"}],"version-history":[{"count":3,"href":"http:\/\/aquadesk.cz\/de\/wp-json\/wp\/v2\/pages\/973\/revisions"}],"predecessor-version":[{"id":1054,"href":"http:\/\/aquadesk.cz\/de\/wp-json\/wp\/v2\/pages\/973\/revisions\/1054"}],"wp:attachment":[{"href":"http:\/\/aquadesk.cz\/de\/wp-json\/wp\/v2\/media?parent=973"}],"curies":[{"name":"wp","href":"https:\/\/api.w.org\/{rel}","templated":true}]}}