{"id":964,"date":"2018-01-24T13:31:06","date_gmt":"2018-01-24T12:31:06","guid":{"rendered":"https:\/\/aquadesk.cz\/vlastnosti\/"},"modified":"2018-10-17T21:58:29","modified_gmt":"2018-10-17T19:58:29","slug":"eigenschaften","status":"publish","type":"page","link":"http:\/\/aquadesk.cz\/de\/eigenschaften\/","title":{"rendered":"EIGENSCHAFTEN"},"content":{"rendered":"<h1>\n\t\t\t\tEIGENSCHAFTEN<br \/>\n\t\t\t<\/h1>\n<h2>\tWasserspeicherndeAQUADESK-Platte<br \/>\n\t<\/h2>\n<p>Der AQUADESK-Baustoff ist eine Faserplatte aus wiederverwerteten Polyesterfasern, die durch leicht schmelzbare Fasern vernetzt sind. AQUADESK wird ohne chemische Zusatzstoffe hergestellt und ist selbst zur G\u00e4nze recycelbar.<\/p>\n<p>\t\t\t\t<img decoding=\"async\" src=\"https:\/\/aquadesk.cz\/assets\/uploads\/sites\/720\/2018\/08\/dscf0484-300x200.jpg\" alt=\"DSCF0484\" \/><\/p>\n<h2>\tGrundlegende Parameter<br \/>\n\t<\/h2>\n<table width=\"806\">\n<tbody>\n<tr>\n<td width=\"305\">Abmessungen der Tafel<\/td>\n<td colspan=\"2\" width=\"191\">1200 x 600 mm<\/td>\n<td width=\"107\"><\/td>\n<td width=\"107\"><\/td>\n<\/tr>\n<tr>\n<td>Materialzusammensetzung<\/td>\n<td colspan=\"2\">Recyklovan\u00fd polyester<\/td>\n<td><\/td>\n<td><\/td>\n<\/tr>\n<tr>\n<td><\/td>\n<td><\/td>\n<td><\/td>\n<td><\/td>\n<td><\/td>\n<\/tr>\n<tr>\n<td>Fl\u00e4chengewicht [g\/m2]<\/td>\n<td>2000<\/td>\n<td>3000<\/td>\n<td>4000<\/td>\n<td>+\/- 15 %<\/td>\n<\/tr>\n<tr>\n<td>Dicke [mm]<\/td>\n<td>20<\/td>\n<td>30<\/td>\n<td>40<\/td>\n<td>+\/- 15 %<\/td>\n<\/tr>\n<tr>\n<td>Maximale Wasserkapazit\u00e4t [l\/m2]<\/td>\n<td>11,4<\/td>\n<td>18,8<\/td>\n<td>28,2<\/td>\n<td>+\/- 20 %<\/td>\n<\/tr>\n<tr>\n<td>Anzahl der Bretter pro Palette [ks]<\/td>\n<td>200<\/td>\n<td>134<\/td>\n<td>100<\/td>\n<td><\/td>\n<\/tr>\n<tr>\n<td>Anzahl der Bretter pro Palette [m2]<\/td>\n<td>144<\/td>\n<td>96,48<\/td>\n<td>72<\/td>\n<td><\/td>\n<\/tr>\n<tr>\n<td>Palettengewicht [kg]<\/td>\n<td>300<\/td>\n<td>300<\/td>\n<td>300<\/td>\n<td><\/td>\n<\/tr>\n<tr>\n<td><\/td>\n<td><\/td>\n<td><\/td>\n<td><\/td>\n<td><\/td>\n<\/tr>\n<tr>\n<td>Palettenma\u00dfe<\/td>\n<td colspan=\"2\">120 x 120 x 200 cm<\/td>\n<td><\/td>\n<td><\/td>\n<\/tr>\n<tr>\n<td>Lagerung<\/td>\n<td colspan=\"3\">Lagerung auf Paletten in trockener Umgebung zum Schutz vor UV-Strahlung<\/td>\n<td><\/td>\n<\/tr>\n<\/tbody>\n<\/table>\n<h2>\tLeistungserkl\u00e4rung<br \/>\n\t<\/h2>\n<p>\t\t\t<a href=\"https:\/\/aquadesk.cz\/assets\/uploads\/sites\/720\/2018\/09\/Leistungserkla\u0308rung_AQUADESK-3000-TL30_DE.pdf\" target=\"_blank\" role=\"button\" rel=\"noopener\"><br \/>\n\t\t\t\t\t\t\tAQUADESK 3000 TL 30<br \/>\n\t\t\t\t\t<\/a><br \/>\n\t\t\t<a href=\"https:\/\/aquadesk.cz\/assets\/uploads\/sites\/720\/2018\/09\/Leistungserkla\u0308rung_AQUADESK-2000-TL20_DE.pdf\" target=\"_blank\" role=\"button\" rel=\"noopener\"><br \/>\n\t\t\t\t\t\t\tAQUADESK 2000 TL 20<br \/>\n\t\t\t\t\t<\/a><\/p>\n<h2>\t10 Top-Eigenschaften<br \/>\n\t<\/h2>\n<p>\t\t\t\t<img decoding=\"async\" src=\"https:\/\/aquadesk.cz\/assets\/uploads\/sites\/720\/2018\/01\/palec_nahoru.svg\" alt=\"palec_nahoru\" \/><\/p>\n<h3>Einfache und rasche Installierbarkeit<\/h3>\n<p>AQUADESK ist ein Typ von Material mit einem L\u00f6sungskonzept f\u00fcr alle Details. Selbst ein Laie kann es vollwertig einbauen, ohne daf\u00fcr qualifiziert sein zu m\u00fcssen. Unser Gr\u00fcndach l\u00e4sst sich m\u00fchelos auch dann nutzen, wenn etwa ein Einfamilienhaus in Eigenleistung errichtet wird.<\/p>\n<p>\t\t\t\t<img decoding=\"async\" src=\"https:\/\/aquadesk.cz\/assets\/uploads\/sites\/720\/2018\/01\/kladivo.svg\" alt=\"kladivo\" \/><\/p>\n<h3>Hohe mechanische Best\u00e4ndigkeit<\/h3>\n<p>AQUADESK wird gegen das Durchbrechen, Durchschlagen, Durchtreten usw. getestet, wobei weitere Best\u00e4ndigkeitstests laufend erfolgen. Da die 40 mm-Variante des AQUADESK-Materials gegen\u00fcber den herk\u00f6mmlichen mechanischen Einwirkungen gr\u00f6\u00dftm\u00f6gliche Best\u00e4ndigkeit aufweist, gilt sie diesbez\u00fcglich als \u201esehr robust\u201c.<\/p>\n<p>\t\t\t\t<img decoding=\"async\" src=\"https:\/\/aquadesk.cz\/assets\/uploads\/sites\/720\/2018\/01\/kapka.svg\" alt=\"kapka\" \/><\/p>\n<h3>Hohe Wasseraufnahmef\u00e4higkeit<\/h3>\n<p>So kann etwa die Variante mit dem 40 mm breiten, 0\u00b0geneigten AQUADESK-Material pro Quadratmeter Fl\u00e4che bis zu 28 Liter Wasser speichern.<\/p>\n<p>\t\t\t\t<img decoding=\"async\" src=\"https:\/\/aquadesk.cz\/assets\/uploads\/sites\/720\/2018\/01\/penize.svg\" alt=\"penize\" \/><\/p>\n<h3>Hoher Nutzwert \u2013 gutes Preis-Leistungsverh\u00e4ltnis<\/h3>\n<p>Die AQUADESK-Platte ist, seit sie entwickelt wurde, so konzipiert, dass sie f\u00fcr m\u00f6glichst breiten Verbraucherkreis erschwinglich bleibt.<\/p>\n<p>\t\t\t\t<img decoding=\"async\" src=\"https:\/\/aquadesk.cz\/assets\/uploads\/sites\/720\/2018\/01\/list.svg\" alt=\"list\" \/><\/p>\n<h3>Umweltfreundlichkeit<\/h3>\n<p>AQUADESK ist ein fast 90%iges, chemisch unbehandeltes, in besonderem Ma\u00dfe umweltschonendes Recyclingprodukt.<\/p>\n<p>\t\t\t\t<img decoding=\"async\" src=\"https:\/\/aquadesk.cz\/assets\/uploads\/sites\/720\/2018\/01\/zavazi.svg\" alt=\"zavazi\" \/><\/p>\n<h3>Geeignet f\u00fcr leichte Dachkonstruktionen<\/h3>\n<p>Da das AQUADESK-Material den Wurzeln des Dachbewuchses erlaubt, dessen Struktur zu durchwachsen, wird das Schichtgef\u00fcge dadurch fester. Infolgedessen wird einerseits weniger Substrat verbraucht \u00a0und das gesamte Schichtgef\u00fcge wird insgesamt leichter.<\/p>\n<p>\t\t\t\t<img decoding=\"async\" src=\"https:\/\/aquadesk.cz\/assets\/uploads\/sites\/720\/2018\/08\/izolacni-vlastnosti.png\" alt=\"IZOLA\u010cN\u00cd VLASTNOSTI\" \/><\/p>\n<h3>Isoliereigenschaften<\/h3>\n<p>AQUADESK hat die besten Voraussetzungen daf\u00fcr, eine leistungsstarke Isolierung zu sein. Das Material absorbiert \u00a0den Schall und ist eine gute W\u00e4rmed\u00e4mmung. (Es finden nach wie vor Tests zur Erprobung der Isoliereigenschaften statt.) Der Gesamtaufbau der Vegetation filtert zugleich wirkungsvoll die UV-Strahlung.<\/p>\n<p>\t\t\t\t<img decoding=\"async\" src=\"https:\/\/aquadesk.cz\/assets\/uploads\/sites\/720\/2018\/01\/univerzalnost.svg\" alt=\"univerzalnost\" \/><\/p>\n<h3>Universelle Verwendbarkeit<\/h3>\n<p>Durch Kombination verschiedener Varianten des AQUADESK-Materials ist ein breites Spektrum von extensiv bzw. halbintensiv zu pflegenden, biologisch artenreichen Gr\u00fcnd\u00e4chern mit unterschiedlicher Sonnenbestrahlung, Witterungsbest\u00e4ndigkeit oder mit modularer Wasseraufnahme realisierbar.<\/p>\n<p>\t\t\t\t<img decoding=\"async\" src=\"https:\/\/aquadesk.cz\/assets\/uploads\/sites\/720\/2018\/01\/usmev.svg\" alt=\"usmev\" \/><\/p>\n<h3>\u00c4sthetik der kompletten Aufstellung<\/h3>\n<p>Mit Hilfe des AQUADESK-Materials verleihen Gr\u00fcnd\u00e4cher bebauten Siedlungsgebieten ein v\u00f6llig neues Aussehen und versch\u00f6nern in \u00e4sthetischer Hinsicht unseren Lebensbereich.<\/p>\n<p>\t\t\t\t<img decoding=\"async\" src=\"https:\/\/aquadesk.cz\/assets\/uploads\/sites\/720\/2018\/01\/noha.svg\" alt=\"noha\" \/><\/p>\n<h3>Einfache und sichere Begehbarkeit w\u00e4hrend der Verlegung<\/h3>\n<p>Die praktischen Eigenschaften des AQUADESK-Materials garantieren ein erheblich geringeres Unfallrisiko bei der Installation.<\/p>\n<p>\t\t\t&lt;!&#8211;<button>Close me!<\/button>&#8211;&gt;<br \/>\n\t\t<img decoding=\"async\" src=\"https:\/\/aquadesk.cz\/assets\/uploads\/sites\/720\/2018\/09\/video_preview.jpg\"><\/p>\n","protected":false},"excerpt":{"rendered":"<p>EIGENSCHAFTEN WasserspeicherndeAQUADESK-Platte Der AQUADESK-Baustoff ist eine Faserplatte aus wiederverwerteten Polyesterfasern, die durch leicht schmelzbare Fasern vernetzt sind. AQUADESK wird ohne chemische Zusatzstoffe hergestellt und ist selbst zur G\u00e4nze recycelbar. Grundlegende Parameter Abmessungen der Tafel 1200 x 600 mm Materialzusammensetzung Recyklovan\u00fd polyester Fl\u00e4chengewicht [g\/m2] 2000 3000 4000 +\/- 15 % Dicke [mm] 20 30 40 +\/-&hellip;<\/p>\n","protected":false},"author":1,"featured_media":0,"parent":0,"menu_order":0,"comment_status":"closed","ping_status":"closed","template":"","meta":{"footnotes":""},"class_list":["post-964","page","type-page","status-publish","hentry"],"yoast_head":"<title>EIGENSCHAFTEN - Aquadesk<\/title>\n<meta name=\"robots\" content=\"index, follow, max-snippet:-1, max-image-preview:large, max-video-preview:-1\" \/>\n<link rel=\"canonical\" href=\"http:\/\/aquadesk.cz\/de\/eigenschaften\/\" \/>\n<meta property=\"og:locale\" content=\"de_DE\" \/>\n<meta property=\"og:type\" content=\"article\" \/>\n<meta property=\"og:title\" content=\"EIGENSCHAFTEN - Aquadesk\" \/>\n<meta property=\"og:description\" content=\"EIGENSCHAFTEN WasserspeicherndeAQUADESK-Platte Der AQUADESK-Baustoff ist eine Faserplatte aus wiederverwerteten Polyesterfasern, die durch leicht schmelzbare Fasern vernetzt sind. AQUADESK wird ohne chemische Zusatzstoffe hergestellt und ist selbst zur G\u00e4nze recycelbar. Grundlegende Parameter Abmessungen der Tafel 1200 x 600 mm Materialzusammensetzung Recyklovan\u00fd polyester Fl\u00e4chengewicht [g\/m2] 2000 3000 4000 +\/- 15 % Dicke [mm] 20 30 40 +\/-&hellip;\" \/>\n<meta property=\"og:url\" content=\"http:\/\/aquadesk.cz\/de\/eigenschaften\/\" \/>\n<meta property=\"og:site_name\" content=\"Aquadesk\" \/>\n<meta property=\"article:modified_time\" content=\"2018-10-17T19:58:29+00:00\" \/>\n<meta property=\"og:image\" content=\"https:\/\/aquadesk.cz\/assets\/uploads\/sites\/720\/2018\/08\/dscf0484-300x200.jpg\" \/>\n<meta name=\"twitter:card\" content=\"summary_large_image\" \/>\n<meta name=\"twitter:label1\" content=\"Gesch\u00e4tzte Lesezeit\" \/>\n\t<meta name=\"twitter:data1\" content=\"2\u00a0Minuten\" \/>\n<script type=\"application\/ld+json\" class=\"yoast-schema-graph\">{\"@context\":\"https:\/\/schema.org\",\"@graph\":[{\"@type\":\"WebPage\",\"@id\":\"http:\/\/aquadesk.cz\/de\/eigenschaften\/\",\"url\":\"http:\/\/aquadesk.cz\/de\/eigenschaften\/\",\"name\":\"EIGENSCHAFTEN - Aquadesk\",\"isPartOf\":{\"@id\":\"https:\/\/aquadesk.cz\/en\/#website\"},\"datePublished\":\"2018-01-24T12:31:06+00:00\",\"dateModified\":\"2018-10-17T19:58:29+00:00\",\"breadcrumb\":{\"@id\":\"http:\/\/aquadesk.cz\/de\/eigenschaften\/#breadcrumb\"},\"inLanguage\":\"de\",\"potentialAction\":[{\"@type\":\"ReadAction\",\"target\":[\"http:\/\/aquadesk.cz\/de\/eigenschaften\/\"]}]},{\"@type\":\"BreadcrumbList\",\"@id\":\"http:\/\/aquadesk.cz\/de\/eigenschaften\/#breadcrumb\",\"itemListElement\":[{\"@type\":\"ListItem\",\"position\":1,\"name\":\"Dom\u016f\",\"item\":\"http:\/\/aquadesk.cz\/de\/\"},{\"@type\":\"ListItem\",\"position\":2,\"name\":\"EIGENSCHAFTEN\"}]},{\"@type\":\"WebSite\",\"@id\":\"https:\/\/aquadesk.cz\/en\/#website\",\"url\":\"https:\/\/aquadesk.cz\/en\/\",\"name\":\"Aquadesk\",\"description\":\"RETEX, a.s. spole\u010dn\u011b s Fakultou stavebn\u00ed VUT v Brn\u011b se sna\u017e\u00ed prost\u0159ednictv\u00edm aktu\u00e1ln\u011b vyv\u00edjen\u00e9ho materi\u00e1lu AQUADESK p\u0159in\u00e9st co nejzaj\u00edmav\u011bj\u0161\u00ed a co nejp\u0159esn\u011bji \u201ena m\u00edru \u0161it\u00e9&quot; \u0159e\u0161en\u00ed pro specifick\u00e9 podm\u00ednky \u010cesk\u00e9 republiky, pota\u017emo regionu st\u0159edn\u00ed Evropy.\",\"potentialAction\":[{\"@type\":\"SearchAction\",\"target\":{\"@type\":\"EntryPoint\",\"urlTemplate\":\"https:\/\/aquadesk.cz\/en\/?s={search_term_string}\"},\"query-input\":\"required name=search_term_string\"}],\"inLanguage\":\"de\"}]}<\/script>","yoast_head_json":{"title":"EIGENSCHAFTEN - Aquadesk","robots":{"index":"index","follow":"follow","max-snippet":"max-snippet:-1","max-image-preview":"max-image-preview:large","max-video-preview":"max-video-preview:-1"},"canonical":"http:\/\/aquadesk.cz\/de\/eigenschaften\/","og_locale":"de_DE","og_type":"article","og_title":"EIGENSCHAFTEN - Aquadesk","og_description":"EIGENSCHAFTEN WasserspeicherndeAQUADESK-Platte Der AQUADESK-Baustoff ist eine Faserplatte aus wiederverwerteten Polyesterfasern, die durch leicht schmelzbare Fasern vernetzt sind. AQUADESK wird ohne chemische Zusatzstoffe hergestellt und ist selbst zur G\u00e4nze recycelbar. Grundlegende Parameter Abmessungen der Tafel 1200 x 600 mm Materialzusammensetzung Recyklovan\u00fd polyester Fl\u00e4chengewicht [g\/m2] 2000 3000 4000 +\/- 15 % Dicke [mm] 20 30 40 +\/-&hellip;","og_url":"http:\/\/aquadesk.cz\/de\/eigenschaften\/","og_site_name":"Aquadesk","article_modified_time":"2018-10-17T19:58:29+00:00","og_image":[{"url":"https:\/\/aquadesk.cz\/assets\/uploads\/sites\/720\/2018\/08\/dscf0484-300x200.jpg"}],"twitter_card":"summary_large_image","twitter_misc":{"Gesch\u00e4tzte Lesezeit":"2\u00a0Minuten"},"schema":{"@context":"https:\/\/schema.org","@graph":[{"@type":"WebPage","@id":"http:\/\/aquadesk.cz\/de\/eigenschaften\/","url":"http:\/\/aquadesk.cz\/de\/eigenschaften\/","name":"EIGENSCHAFTEN - Aquadesk","isPartOf":{"@id":"https:\/\/aquadesk.cz\/en\/#website"},"datePublished":"2018-01-24T12:31:06+00:00","dateModified":"2018-10-17T19:58:29+00:00","breadcrumb":{"@id":"http:\/\/aquadesk.cz\/de\/eigenschaften\/#breadcrumb"},"inLanguage":"de","potentialAction":[{"@type":"ReadAction","target":["http:\/\/aquadesk.cz\/de\/eigenschaften\/"]}]},{"@type":"BreadcrumbList","@id":"http:\/\/aquadesk.cz\/de\/eigenschaften\/#breadcrumb","itemListElement":[{"@type":"ListItem","position":1,"name":"Dom\u016f","item":"http:\/\/aquadesk.cz\/de\/"},{"@type":"ListItem","position":2,"name":"EIGENSCHAFTEN"}]},{"@type":"WebSite","@id":"https:\/\/aquadesk.cz\/en\/#website","url":"https:\/\/aquadesk.cz\/en\/","name":"Aquadesk","description":"RETEX, a.s. spole\u010dn\u011b s Fakultou stavebn\u00ed VUT v Brn\u011b se sna\u017e\u00ed prost\u0159ednictv\u00edm aktu\u00e1ln\u011b vyv\u00edjen\u00e9ho materi\u00e1lu AQUADESK p\u0159in\u00e9st co nejzaj\u00edmav\u011bj\u0161\u00ed a co nejp\u0159esn\u011bji \u201ena m\u00edru \u0161it\u00e9&quot; \u0159e\u0161en\u00ed pro specifick\u00e9 podm\u00ednky \u010cesk\u00e9 republiky, pota\u017emo regionu st\u0159edn\u00ed Evropy.","potentialAction":[{"@type":"SearchAction","target":{"@type":"EntryPoint","urlTemplate":"https:\/\/aquadesk.cz\/en\/?s={search_term_string}"},"query-input":"required name=search_term_string"}],"inLanguage":"de"}]}},"_links":{"self":[{"href":"http:\/\/aquadesk.cz\/de\/wp-json\/wp\/v2\/pages\/964","targetHints":{"allow":["GET"]}}],"collection":[{"href":"http:\/\/aquadesk.cz\/de\/wp-json\/wp\/v2\/pages"}],"about":[{"href":"http:\/\/aquadesk.cz\/de\/wp-json\/wp\/v2\/types\/page"}],"author":[{"embeddable":true,"href":"http:\/\/aquadesk.cz\/de\/wp-json\/wp\/v2\/users\/1"}],"replies":[{"embeddable":true,"href":"http:\/\/aquadesk.cz\/de\/wp-json\/wp\/v2\/comments?post=964"}],"version-history":[{"count":3,"href":"http:\/\/aquadesk.cz\/de\/wp-json\/wp\/v2\/pages\/964\/revisions"}],"predecessor-version":[{"id":1082,"href":"http:\/\/aquadesk.cz\/de\/wp-json\/wp\/v2\/pages\/964\/revisions\/1082"}],"wp:attachment":[{"href":"http:\/\/aquadesk.cz\/de\/wp-json\/wp\/v2\/media?parent=964"}],"curies":[{"name":"wp","href":"https:\/\/api.w.org\/{rel}","templated":true}]}}