{"id":942,"date":"2016-11-03T15:49:50","date_gmt":"2016-11-03T14:49:50","guid":{"rendered":"https:\/\/aquadesk.cz\/home-2\/"},"modified":"2020-01-13T11:00:10","modified_gmt":"2020-01-13T10:00:10","slug":"home-2","status":"publish","type":"page","link":"http:\/\/aquadesk.cz\/de\/","title":{"rendered":"Home"},"content":{"rendered":"\n\t\t\t<h2>AQUADESK<\/h2>\t\t\t\n\t\t\t\t<p>MIT AQUADESK RETENTION-VEGETATIONSPLATTEN AUF IHREM DACH BEGINNT DIE ZUKUNFT<\/p>\n\t\t\t<a href=\"\/de\/eigenschaften\/\" target=\"_self\" role=\"button\" rel=\"noopener noreferrer\">\n\t\t\t\t\t\t\tMEHR INFORMATIONEN\n\t\t<\/a>\n\t\t\t<h2>Einzigartige Eigenschaften<\/h2>\n\t\t\t\t<p>Folgende Merkmale waren f\u00fcr die Entwicklung des AQUADESK-Materials ausschlaggebend:<\/p>\n\t\t\t\t<img decoding=\"async\" src=\"https:\/\/aquadesk.cz\/assets\/uploads\/sites\/720\/2018\/01\/palec_nahoru.svg\" alt=\"palec_nahoru\" title=\"palec_nahoru\" itemprop=\"image\"\/>\n\t\t\t\t\t\t<h3>Einfache Installierbarkeit<\/h3>\n\t\t\t\t\t\t<p>AQUADESK ist ein Typ von Material mit einem L\u00f6sungskonzept f\u00fcr alle Details. Selbst ein Laie kann es vollwertig einbauen, ohne daf\u00fcr qualifiziert sein zu m\u00fcssen. Unser Gr\u00fcndach l\u00e4sst sich m\u00fchelos auch dann nutzen, wenn etwa ein Einfamilienhaus in Eigenleistung errichtet wird.<\/p>\n\t\t\t\t\t\t<!-- CTA -->\n\t\t\t\t<img decoding=\"async\" src=\"https:\/\/aquadesk.cz\/assets\/uploads\/sites\/720\/2018\/01\/kladivo.svg\" alt=\"kladivo\" title=\"kladivo\" itemprop=\"image\"\/>\n\t\t\t\t\t\t<h3>Hohe mechanische Best\u00e4ndigkeit<\/h3>\n\t\t\t\t\t\t<p>AQUADESK ist ein Typ von Material mit einem L\u00f6sungskonzept f\u00fcr alle Details. Selbst ein Laie kann es vollwertig einbauen, ohne daf\u00fcr qualifiziert sein zu m\u00fcssen. Unser Gr\u00fcndach l\u00e4sst sich m\u00fchelos auch dann nutzen, wenn etwa ein Einfamilienhaus in Eigenleistung errichtet wird.<\/p>\n\t\t\t\t\t\t<!-- CTA -->\n\t\t\t\t<img decoding=\"async\" src=\"https:\/\/aquadesk.cz\/assets\/uploads\/sites\/720\/2018\/01\/kapka.svg\" alt=\"kapka\" title=\"kapka\" itemprop=\"image\"\/>\n\t\t\t\t\t\t<h3>Hohe Wasseraufnahmef\u00e4higkeit<\/h3>\n\t\t\t\t\t\t<p>So kann etwa die Variante mit dem 40 mm breiten, 10\u00b0geneigten AQUADESK-Material pro Quadratmeter Fl\u00e4che bis zu 20,05 Liter Wasser speichern.<\/p>\n\t\t\t\t\t\t<!-- CTA -->\n\t\t\t\t<img decoding=\"async\" src=\"https:\/\/aquadesk.cz\/assets\/uploads\/sites\/720\/2018\/01\/penize.svg\" alt=\"penize\" title=\"penize\" itemprop=\"image\"\/>\n\t\t\t\t\t\t<h3>Hoher Nutzwert \u2013 gutes Preis-Leistungsverh\u00e4ltnis<\/h3>\n\t\t\t\t\t\t<p>Die AQUADESK-Platte ist, seit sie entwickelt wurde, so konzipiert, dass sie f\u00fcr m\u00f6glichst breiten Verbraucherkreis erschwinglich bleibt.<\/p>\n\t\t\t\t\t\t<!-- CTA -->\n\t\t\t\t<img decoding=\"async\" src=\"https:\/\/aquadesk.cz\/assets\/uploads\/sites\/720\/2018\/01\/list.svg\" alt=\"list\" title=\"list\" itemprop=\"image\"\/>\n\t\t\t\t\t\t<h3>Umweltfreundlichkeit<\/h3>\n\t\t\t\t\t\t<p>AQUADESK ist ein fast 90%iges, chemisch unbehandeltes, in besonderem Ma\u00dfe umweltschonendes Recyclingprodukt.<\/p>\n\t\t\t\t\t\t<!-- CTA -->\n\t<a href=\"https:\/\/www.nasa.gov\/agency\/sustainability\/greenroofs.html\" target=\"_blank\" rel=\"noopener noreferrer\"><\/a>\n\t\t\t<h5>NASA, NEW YORK, USA<\/h5><h2>Es werden bis zu 80 % der Niederschl\u00e4ge zur\u00fcckgehalten.<\/h2>\t\t\t\n\t\t\t\t<p>Langfristige von der US-amerikanischen NASA im Gebiet von New York realisierte Forschungsarbeiten weisen unter anderem auf die besondere Eigenschaft der Gr\u00fcnd\u00e4cher hin, Regenwasser zur\u00fcckzuhalten. W\u00e4hrend ein herk\u00f6mmliches \u201eschwarzes\u201c Dach im Durchschnitt lediglich 2 % Regenwasser speichern kann, betr\u00e4gt dieser Wert bei Gr\u00fcnd\u00e4chern bis zu 80 %. Bez\u00fcglich der Auswirkungen auf das \u00d6kosystem spielen somit Gr\u00fcnd\u00e4cher \u201ein einer ganz anderen Liga\u201c.<\/p>\n\t\t\t\t<img decoding=\"async\" src=\"https:\/\/aquadesk.cz\/assets\/uploads\/sites\/720\/2018\/01\/dji_0153-400x300.jpg\" alt=\"ENVIHUT 1\" title=\"ENVIHUT 1\" itemprop=\"image\"  \/>\n\t\t\t\t<img decoding=\"async\" src=\"https:\/\/aquadesk.cz\/assets\/uploads\/sites\/720\/2018\/01\/2016_02_17_ex__0008-400x300.jpg\" alt=\"2016_02_17_ex__0008\" title=\"2016_02_17_ex__0008\" itemprop=\"image\"  \/>\n\t<a href=\"https:\/\/en.wikipedia.org\/wiki\/Tom_Turner\" target=\"_blank\" rel=\"noopener noreferrer\"><\/a>\n\t\t\t<h5>LONDON, Vereinigtes K\u00f6nigreich<\/h5><h2>Neue D\u00e4cher werden gr\u00fcn<\/h2>\t\t\t\n\t\t\t\t<p>&#8220;Werden D\u00e4cher von Neugeb\u00e4uden mit Vegetation bepflanzt sein? Warum nicht?&#8221; Tom Turner, Landschaftsarchitekt und Hochschulprofessor an der Greenwich University, London, Vereinigtes K\u00f6nigreich.<\/p>\n\t\t\t\t<img decoding=\"async\" src=\"https:\/\/aquadesk.cz\/assets\/uploads\/sites\/720\/bb-plugin\/cache\/10350_min-circle.jpg\" alt=\"10350_min\" title=\"10350_min\" itemprop=\"image\"\/>\n\t\t\t\t\t\t\t<p>&#8220;Arbeitsteams der Gesellschaft Retex a.s. sowie der Technischen Hochschule Brno kooperieren langfristig erfolgreich bei der Entwicklung eines Baustoffes, der dazu geeignet w\u00e4re, die Entwicklung und den Bau von Gr\u00fcnd\u00e4chern dynamisch anzukurbeln und f\u00fcr deren gr\u00f6\u00dferen Verbreitung in der Tschechischen Republik zu sorgen. Was das entwickelte Material anbelangt, so rechne ich den Autoren hoch an, dass sie sich um Einfachheit bem\u00fchten. Es ging ihnen darum, die Legung des Dachschicht-Gef\u00fcges zu erleichtern und eine einfachere L\u00f6sung f\u00fcr alle Details zu finden, die f\u00fcr die schlie\u00dflich vorliegende Konstruktion ma\u00dfgeblich sind.&#8221;<\/p>\n\t\t\t\t\t\t\t\t<h3 class='uabb-testimonial-author-name testimonial-author-name'>prof. ing. Miloslav Novotn\u00fd, CSc.<\/h3>\t\t\t\t\t\t\t\t\n\t\t\t\t\t\t\t\t\tLeiter des Instituts f\u00fcr Hochbau der Fakult\u00e4t f\u00fcr Bauwissenschaften der Technischen Hochschule Brno\t\t\t\t\t\t\t\t\n\t\t\t\t<img decoding=\"async\" src=\"https:\/\/aquadesk.cz\/assets\/uploads\/sites\/720\/bb-plugin\/cache\/lvk_7192-circle.jpg\" alt=\"lvk_7192\" title=\"lvk_7192\" itemprop=\"image\"\/>\n\t\t\t\t\t\t\t<p>&#8220;RETEX \u2013 der Handelsname, die Firma unseres Unternehmens entstand durch die Verbindung zweier W\u00f6rter: Recycling und Textilien. Recycling ist jedem ein Begriff \u00a0und bei Weitem kein Schnee von gestern. Die Wiederverwertung ist hoch aktuell und vor allem zukunftsweisend. Daf\u00fcr sorgt unter anderem die Entwicklung der wasserspeichernden AQUADESK-Platte aus Recyclingstoffen. AQUADESK ist jedoch nicht nur ein neues Produkt mit gro\u00dfem Zukunftspotential, sondern auch h\u00f6chst umweltschonend in allen Situationen, die von der Herstellung bis zur Verlegung reichen. AQUADESK ist eines der Schlagworte f\u00fcr die Zukunft.&#8221;<\/p>\t\t\t\t\t\t\n\t\t\t\t\t\t\t\t<h3 class='uabb-testimonial-author-name testimonial-author-name'>Robert \u0160imek<\/h3>\t\t\t\t\t\t\t\t\n\t\t\t\t\t\t\t\t\tDirektor RETEX a.s.\t\t\t\t\t\t\t\t\n\t\t\t\t<img decoding=\"async\" src=\"https:\/\/aquadesk.cz\/assets\/uploads\/sites\/720\/bb-plugin\/cache\/ing-libor-balik-e1531673615679-400x300-circle.jpg\" alt=\"Ing. Libor Bal\u00edk\" title=\"Ing. Libor Bal\u00edk\" itemprop=\"image\"\/>\n\t\t\t\t\t\t\t<p>&#8220;Im Jahre 2015 habe ich mit wasserspeichernden Gr\u00fcndachplatten die ersten Versuche unternommen. Ein Jahr sp\u00e4ter wurden sie erstmals kommerziell verwendet. Seitdem habe ich mit diesen Platten ca. 1000 m2 Flach- und ungef\u00e4hr 250 m2 Schr\u00e4gd\u00e4cher realisiert, dies stets zur vollsten Zufriedenheit der Kunden. Die Arbeit mit Platten ist sehr einfach, schnell und effizient. Die Pflanzenwurzeln wachsen durch ein Substrat bis zu den Platten durch und bilden mit der Zeit eine verwobene und kompakte Vegetation.&#8221;<\/p>\t\t\t\t\t\t\n\t\t\t\t\t\t\t\t<h3 class='uabb-testimonial-author-name testimonial-author-name'>ing. Libor Bal\u00edk<\/h3>\t\t\t\t\t\t\t\t\n\t\t\t\t\t\t\t\t\tGR\u00dcNDACH CZ\t\t\t\t\t\t\t\t\n\t\t\t<h2>\n\t\t\t\tUnser Ziel ist es, sowohl bei der Herstellung als auch bei der Anwendung regionale Ressourcen zu nutzen.\n\t\t\t<\/h2>\n\t<h6>\n\t\t\t\tDas Material AQUADESK ist ein Gr\u00fcndach-Konzept \u201eeiner neuen Generation&#8221;. Das Gr\u00fcndach, das wir weiter verbessern, richtet sich an moderne Kunden, denen es nicht egal ist, wo und wie sie leben.\n\t\t\t<\/h6>\n","protected":false},"excerpt":{"rendered":"<p>AQUADESK MIT AQUADESK RETENTION-VEGETATIONSPLATTEN AUF IHREM DACH BEGINNT DIE ZUKUNFT MEHR INFORMATIONEN Einzigartige Eigenschaften Folgende Merkmale waren f\u00fcr die Entwicklung des AQUADESK-Materials ausschlaggebend: Einfache Installierbarkeit AQUADESK ist ein Typ von Material mit einem L\u00f6sungskonzept f\u00fcr alle Details. Selbst ein Laie kann es vollwertig einbauen, ohne daf\u00fcr qualifiziert sein zu m\u00fcssen. Unser Gr\u00fcndach l\u00e4sst sich m\u00fchelos&hellip;<\/p>\n","protected":false},"author":1,"featured_media":0,"parent":0,"menu_order":0,"comment_status":"closed","ping_status":"open","template":"","meta":{"footnotes":""},"class_list":["post-942","page","type-page","status-publish","hentry"],"yoast_head":"<title>Home - Aquadesk<\/title>\n<meta name=\"robots\" content=\"index, follow, max-snippet:-1, max-image-preview:large, max-video-preview:-1\" \/>\n<link rel=\"canonical\" href=\"http:\/\/aquadesk.cz\/de\/\" \/>\n<meta property=\"og:locale\" content=\"de_DE\" \/>\n<meta property=\"og:type\" content=\"article\" \/>\n<meta property=\"og:title\" content=\"Home - Aquadesk\" \/>\n<meta property=\"og:description\" content=\"AQUADESK MIT AQUADESK RETENTION-VEGETATIONSPLATTEN AUF IHREM DACH BEGINNT DIE ZUKUNFT MEHR INFORMATIONEN Einzigartige Eigenschaften Folgende Merkmale waren f\u00fcr die Entwicklung des AQUADESK-Materials ausschlaggebend: Einfache Installierbarkeit AQUADESK ist ein Typ von Material mit einem L\u00f6sungskonzept f\u00fcr alle Details. Selbst ein Laie kann es vollwertig einbauen, ohne daf\u00fcr qualifiziert sein zu m\u00fcssen. Unser Gr\u00fcndach l\u00e4sst sich m\u00fchelos&hellip;\" \/>\n<meta property=\"og:url\" content=\"http:\/\/aquadesk.cz\/de\/\" \/>\n<meta property=\"og:site_name\" content=\"Aquadesk\" \/>\n<meta property=\"article:modified_time\" content=\"2020-01-13T10:00:10+00:00\" \/>\n<meta property=\"og:image\" content=\"https:\/\/aquadesk.cz\/assets\/uploads\/sites\/720\/2018\/01\/palec_nahoru.svg\" \/>\n<meta name=\"twitter:card\" content=\"summary_large_image\" \/>\n<meta name=\"twitter:label1\" content=\"Gesch\u00e4tzte Lesezeit\" \/>\n\t<meta name=\"twitter:data1\" content=\"3\u00a0Minuten\" \/>\n<script type=\"application\/ld+json\" class=\"yoast-schema-graph\">{\"@context\":\"https:\/\/schema.org\",\"@graph\":[{\"@type\":\"WebPage\",\"@id\":\"http:\/\/aquadesk.cz\/de\/\",\"url\":\"http:\/\/aquadesk.cz\/de\/\",\"name\":\"Home - Aquadesk\",\"isPartOf\":{\"@id\":\"https:\/\/aquadesk.cz\/en\/#website\"},\"datePublished\":\"2016-11-03T14:49:50+00:00\",\"dateModified\":\"2020-01-13T10:00:10+00:00\",\"breadcrumb\":{\"@id\":\"http:\/\/aquadesk.cz\/de\/#breadcrumb\"},\"inLanguage\":\"de\",\"potentialAction\":[{\"@type\":\"ReadAction\",\"target\":[\"http:\/\/aquadesk.cz\/de\/\"]}]},{\"@type\":\"BreadcrumbList\",\"@id\":\"http:\/\/aquadesk.cz\/de\/#breadcrumb\",\"itemListElement\":[{\"@type\":\"ListItem\",\"position\":1,\"name\":\"Dom\u016f\",\"item\":\"http:\/\/aquadesk.cz\/de\/\"},{\"@type\":\"ListItem\",\"position\":2,\"name\":\"Home\"}]},{\"@type\":\"WebSite\",\"@id\":\"https:\/\/aquadesk.cz\/en\/#website\",\"url\":\"https:\/\/aquadesk.cz\/en\/\",\"name\":\"Aquadesk\",\"description\":\"RETEX, a.s. spole\u010dn\u011b s Fakultou stavebn\u00ed VUT v Brn\u011b se sna\u017e\u00ed prost\u0159ednictv\u00edm aktu\u00e1ln\u011b vyv\u00edjen\u00e9ho materi\u00e1lu AQUADESK p\u0159in\u00e9st co nejzaj\u00edmav\u011bj\u0161\u00ed a co nejp\u0159esn\u011bji \u201ena m\u00edru \u0161it\u00e9&quot; \u0159e\u0161en\u00ed pro specifick\u00e9 podm\u00ednky \u010cesk\u00e9 republiky, pota\u017emo regionu st\u0159edn\u00ed Evropy.\",\"potentialAction\":[{\"@type\":\"SearchAction\",\"target\":{\"@type\":\"EntryPoint\",\"urlTemplate\":\"https:\/\/aquadesk.cz\/en\/?s={search_term_string}\"},\"query-input\":\"required name=search_term_string\"}],\"inLanguage\":\"de\"}]}<\/script>","yoast_head_json":{"title":"Home - Aquadesk","robots":{"index":"index","follow":"follow","max-snippet":"max-snippet:-1","max-image-preview":"max-image-preview:large","max-video-preview":"max-video-preview:-1"},"canonical":"http:\/\/aquadesk.cz\/de\/","og_locale":"de_DE","og_type":"article","og_title":"Home - Aquadesk","og_description":"AQUADESK MIT AQUADESK RETENTION-VEGETATIONSPLATTEN AUF IHREM DACH BEGINNT DIE ZUKUNFT MEHR INFORMATIONEN Einzigartige Eigenschaften Folgende Merkmale waren f\u00fcr die Entwicklung des AQUADESK-Materials ausschlaggebend: Einfache Installierbarkeit AQUADESK ist ein Typ von Material mit einem L\u00f6sungskonzept f\u00fcr alle Details. Selbst ein Laie kann es vollwertig einbauen, ohne daf\u00fcr qualifiziert sein zu m\u00fcssen. Unser Gr\u00fcndach l\u00e4sst sich m\u00fchelos&hellip;","og_url":"http:\/\/aquadesk.cz\/de\/","og_site_name":"Aquadesk","article_modified_time":"2020-01-13T10:00:10+00:00","og_image":[{"url":"https:\/\/aquadesk.cz\/assets\/uploads\/sites\/720\/2018\/01\/palec_nahoru.svg"}],"twitter_card":"summary_large_image","twitter_misc":{"Gesch\u00e4tzte Lesezeit":"3\u00a0Minuten"},"schema":{"@context":"https:\/\/schema.org","@graph":[{"@type":"WebPage","@id":"http:\/\/aquadesk.cz\/de\/","url":"http:\/\/aquadesk.cz\/de\/","name":"Home - Aquadesk","isPartOf":{"@id":"https:\/\/aquadesk.cz\/en\/#website"},"datePublished":"2016-11-03T14:49:50+00:00","dateModified":"2020-01-13T10:00:10+00:00","breadcrumb":{"@id":"http:\/\/aquadesk.cz\/de\/#breadcrumb"},"inLanguage":"de","potentialAction":[{"@type":"ReadAction","target":["http:\/\/aquadesk.cz\/de\/"]}]},{"@type":"BreadcrumbList","@id":"http:\/\/aquadesk.cz\/de\/#breadcrumb","itemListElement":[{"@type":"ListItem","position":1,"name":"Dom\u016f","item":"http:\/\/aquadesk.cz\/de\/"},{"@type":"ListItem","position":2,"name":"Home"}]},{"@type":"WebSite","@id":"https:\/\/aquadesk.cz\/en\/#website","url":"https:\/\/aquadesk.cz\/en\/","name":"Aquadesk","description":"RETEX, a.s. spole\u010dn\u011b s Fakultou stavebn\u00ed VUT v Brn\u011b se sna\u017e\u00ed prost\u0159ednictv\u00edm aktu\u00e1ln\u011b vyv\u00edjen\u00e9ho materi\u00e1lu AQUADESK p\u0159in\u00e9st co nejzaj\u00edmav\u011bj\u0161\u00ed a co nejp\u0159esn\u011bji \u201ena m\u00edru \u0161it\u00e9&quot; \u0159e\u0161en\u00ed pro specifick\u00e9 podm\u00ednky \u010cesk\u00e9 republiky, pota\u017emo regionu st\u0159edn\u00ed Evropy.","potentialAction":[{"@type":"SearchAction","target":{"@type":"EntryPoint","urlTemplate":"https:\/\/aquadesk.cz\/en\/?s={search_term_string}"},"query-input":"required name=search_term_string"}],"inLanguage":"de"}]}},"_links":{"self":[{"href":"http:\/\/aquadesk.cz\/de\/wp-json\/wp\/v2\/pages\/942","targetHints":{"allow":["GET"]}}],"collection":[{"href":"http:\/\/aquadesk.cz\/de\/wp-json\/wp\/v2\/pages"}],"about":[{"href":"http:\/\/aquadesk.cz\/de\/wp-json\/wp\/v2\/types\/page"}],"author":[{"embeddable":true,"href":"http:\/\/aquadesk.cz\/de\/wp-json\/wp\/v2\/users\/1"}],"replies":[{"embeddable":true,"href":"http:\/\/aquadesk.cz\/de\/wp-json\/wp\/v2\/comments?post=942"}],"version-history":[{"count":3,"href":"http:\/\/aquadesk.cz\/de\/wp-json\/wp\/v2\/pages\/942\/revisions"}],"predecessor-version":[{"id":1315,"href":"http:\/\/aquadesk.cz\/de\/wp-json\/wp\/v2\/pages\/942\/revisions\/1315"}],"wp:attachment":[{"href":"http:\/\/aquadesk.cz\/de\/wp-json\/wp\/v2\/media?parent=942"}],"curies":[{"name":"wp","href":"https:\/\/api.w.org\/{rel}","templated":true}]}}