{"id":1078,"date":"2018-07-16T12:24:03","date_gmt":"2018-07-16T10:24:03","guid":{"rendered":"https:\/\/aquadesk.cz\/ke-stazeni\/"},"modified":"2018-10-08T21:18:32","modified_gmt":"2018-10-08T19:18:32","slug":"downloads","status":"publish","type":"page","link":"http:\/\/aquadesk.cz\/de\/downloads\/","title":{"rendered":"Downloads"},"content":{"rendered":"<h1>\n\t\t\t\tDOWNLOADS<br \/>\n\t\t\t<\/h1>\n<p>\t\t\t<a href=\"https:\/\/aquadesk.cz\/assets\/uploads\/sites\/720\/2018\/09\/Leistungserkla%CC%88rung_AQUADESK-2000-TL20_DE.pdf\" target=\"_blank\" rel=\"noopener\" role=\"button\"><br \/>\n\t\t\t\t\t\t\t\t\t\t\tPoV AQUADESK 2000 TL 20<br \/>\n\t\t<\/a><br \/>\n\t\t\t<a href=\"https:\/\/aquadesk.cz\/assets\/uploads\/sites\/720\/2018\/09\/Leistungserkla%CC%88rung_AQUADESK-3000-TL30_DE.pdf\" target=\"_blank\" rel=\"noopener\" role=\"button\"><br \/>\n\t\t\t\t\t\t\t\t\t\t\tPoV AQUADESK 3000 TL 30<br \/>\n\t\t<\/a><\/p>\n","protected":false},"excerpt":{"rendered":"<p>DOWNLOADS PoV AQUADESK 2000 TL 20 PoV AQUADESK 3000 TL 30<\/p>\n","protected":false},"author":1743,"featured_media":0,"parent":0,"menu_order":0,"comment_status":"closed","ping_status":"closed","template":"","meta":{"footnotes":""},"class_list":["post-1078","page","type-page","status-publish","hentry"],"yoast_head":"<title>Downloads - Aquadesk<\/title>\n<meta name=\"robots\" content=\"index, follow, max-snippet:-1, max-image-preview:large, max-video-preview:-1\" \/>\n<link rel=\"canonical\" href=\"http:\/\/aquadesk.cz\/de\/downloads\/\" \/>\n<meta property=\"og:locale\" content=\"de_DE\" \/>\n<meta property=\"og:type\" content=\"article\" \/>\n<meta property=\"og:title\" content=\"Downloads - Aquadesk\" \/>\n<meta property=\"og:description\" content=\"DOWNLOADS PoV AQUADESK 2000 TL 20 PoV AQUADESK 3000 TL 30\" \/>\n<meta property=\"og:url\" content=\"http:\/\/aquadesk.cz\/de\/downloads\/\" \/>\n<meta property=\"og:site_name\" content=\"Aquadesk\" \/>\n<meta property=\"article:modified_time\" content=\"2018-10-08T19:18:32+00:00\" \/>\n<meta name=\"twitter:card\" content=\"summary_large_image\" \/>\n<script type=\"application\/ld+json\" class=\"yoast-schema-graph\">{\"@context\":\"https:\/\/schema.org\",\"@graph\":[{\"@type\":\"WebPage\",\"@id\":\"http:\/\/aquadesk.cz\/de\/downloads\/\",\"url\":\"http:\/\/aquadesk.cz\/de\/downloads\/\",\"name\":\"Downloads - Aquadesk\",\"isPartOf\":{\"@id\":\"https:\/\/aquadesk.cz\/en\/#website\"},\"datePublished\":\"2018-07-16T10:24:03+00:00\",\"dateModified\":\"2018-10-08T19:18:32+00:00\",\"breadcrumb\":{\"@id\":\"http:\/\/aquadesk.cz\/de\/downloads\/#breadcrumb\"},\"inLanguage\":\"de\",\"potentialAction\":[{\"@type\":\"ReadAction\",\"target\":[\"http:\/\/aquadesk.cz\/de\/downloads\/\"]}]},{\"@type\":\"BreadcrumbList\",\"@id\":\"http:\/\/aquadesk.cz\/de\/downloads\/#breadcrumb\",\"itemListElement\":[{\"@type\":\"ListItem\",\"position\":1,\"name\":\"Dom\u016f\",\"item\":\"http:\/\/aquadesk.cz\/de\/\"},{\"@type\":\"ListItem\",\"position\":2,\"name\":\"Downloads\"}]},{\"@type\":\"WebSite\",\"@id\":\"https:\/\/aquadesk.cz\/en\/#website\",\"url\":\"https:\/\/aquadesk.cz\/en\/\",\"name\":\"Aquadesk\",\"description\":\"RETEX, a.s. spole\u010dn\u011b s Fakultou stavebn\u00ed VUT v Brn\u011b se sna\u017e\u00ed prost\u0159ednictv\u00edm aktu\u00e1ln\u011b vyv\u00edjen\u00e9ho materi\u00e1lu AQUADESK p\u0159in\u00e9st co nejzaj\u00edmav\u011bj\u0161\u00ed a co nejp\u0159esn\u011bji \u201ena m\u00edru \u0161it\u00e9&quot; \u0159e\u0161en\u00ed pro specifick\u00e9 podm\u00ednky \u010cesk\u00e9 republiky, pota\u017emo regionu st\u0159edn\u00ed Evropy.\",\"potentialAction\":[{\"@type\":\"SearchAction\",\"target\":{\"@type\":\"EntryPoint\",\"urlTemplate\":\"https:\/\/aquadesk.cz\/en\/?s={search_term_string}\"},\"query-input\":\"required name=search_term_string\"}],\"inLanguage\":\"de\"}]}<\/script>","yoast_head_json":{"title":"Downloads - Aquadesk","robots":{"index":"index","follow":"follow","max-snippet":"max-snippet:-1","max-image-preview":"max-image-preview:large","max-video-preview":"max-video-preview:-1"},"canonical":"http:\/\/aquadesk.cz\/de\/downloads\/","og_locale":"de_DE","og_type":"article","og_title":"Downloads - Aquadesk","og_description":"DOWNLOADS PoV AQUADESK 2000 TL 20 PoV AQUADESK 3000 TL 30","og_url":"http:\/\/aquadesk.cz\/de\/downloads\/","og_site_name":"Aquadesk","article_modified_time":"2018-10-08T19:18:32+00:00","twitter_card":"summary_large_image","schema":{"@context":"https:\/\/schema.org","@graph":[{"@type":"WebPage","@id":"http:\/\/aquadesk.cz\/de\/downloads\/","url":"http:\/\/aquadesk.cz\/de\/downloads\/","name":"Downloads - Aquadesk","isPartOf":{"@id":"https:\/\/aquadesk.cz\/en\/#website"},"datePublished":"2018-07-16T10:24:03+00:00","dateModified":"2018-10-08T19:18:32+00:00","breadcrumb":{"@id":"http:\/\/aquadesk.cz\/de\/downloads\/#breadcrumb"},"inLanguage":"de","potentialAction":[{"@type":"ReadAction","target":["http:\/\/aquadesk.cz\/de\/downloads\/"]}]},{"@type":"BreadcrumbList","@id":"http:\/\/aquadesk.cz\/de\/downloads\/#breadcrumb","itemListElement":[{"@type":"ListItem","position":1,"name":"Dom\u016f","item":"http:\/\/aquadesk.cz\/de\/"},{"@type":"ListItem","position":2,"name":"Downloads"}]},{"@type":"WebSite","@id":"https:\/\/aquadesk.cz\/en\/#website","url":"https:\/\/aquadesk.cz\/en\/","name":"Aquadesk","description":"RETEX, a.s. spole\u010dn\u011b s Fakultou stavebn\u00ed VUT v Brn\u011b se sna\u017e\u00ed prost\u0159ednictv\u00edm aktu\u00e1ln\u011b vyv\u00edjen\u00e9ho materi\u00e1lu AQUADESK p\u0159in\u00e9st co nejzaj\u00edmav\u011bj\u0161\u00ed a co nejp\u0159esn\u011bji \u201ena m\u00edru \u0161it\u00e9&quot; \u0159e\u0161en\u00ed pro specifick\u00e9 podm\u00ednky \u010cesk\u00e9 republiky, pota\u017emo regionu st\u0159edn\u00ed Evropy.","potentialAction":[{"@type":"SearchAction","target":{"@type":"EntryPoint","urlTemplate":"https:\/\/aquadesk.cz\/en\/?s={search_term_string}"},"query-input":"required name=search_term_string"}],"inLanguage":"de"}]}},"_links":{"self":[{"href":"http:\/\/aquadesk.cz\/de\/wp-json\/wp\/v2\/pages\/1078","targetHints":{"allow":["GET"]}}],"collection":[{"href":"http:\/\/aquadesk.cz\/de\/wp-json\/wp\/v2\/pages"}],"about":[{"href":"http:\/\/aquadesk.cz\/de\/wp-json\/wp\/v2\/types\/page"}],"author":[{"embeddable":true,"href":"http:\/\/aquadesk.cz\/de\/wp-json\/wp\/v2\/users\/1743"}],"replies":[{"embeddable":true,"href":"http:\/\/aquadesk.cz\/de\/wp-json\/wp\/v2\/comments?post=1078"}],"version-history":[{"count":2,"href":"http:\/\/aquadesk.cz\/de\/wp-json\/wp\/v2\/pages\/1078\/revisions"}],"predecessor-version":[{"id":1080,"href":"http:\/\/aquadesk.cz\/de\/wp-json\/wp\/v2\/pages\/1078\/revisions\/1080"}],"wp:attachment":[{"href":"http:\/\/aquadesk.cz\/de\/wp-json\/wp\/v2\/media?parent=1078"}],"curies":[{"name":"wp","href":"https:\/\/api.w.org\/{rel}","templated":true}]}}