{"id":1020,"date":"2018-01-24T13:31:48","date_gmt":"2018-01-24T12:31:48","guid":{"rendered":"https:\/\/aquadesk.cz\/galerie-reference\/"},"modified":"2018-09-10T21:00:10","modified_gmt":"2018-09-10T19:00:10","slug":"referenzen","status":"publish","type":"page","link":"http:\/\/aquadesk.cz\/de\/referenzen\/","title":{"rendered":"REFERENZEN"},"content":{"rendered":"<h1>\n\t\t\t\tREFERENZEN<br \/>\n\t\t\t<\/h1>\n<h2 >\tENVIHUT<br \/>\n\t<\/h2>\n<p>EnviHUT geh\u00f6rt zu einem Freiluft-Testgel\u00e4nde der Technischen Hochschule Brno. EnviHUT ist das erste zu Test- und Unterrichtszwecken realisierte Objekt der geplanten Bebauung durch messbare, ma\u00dfstabgetreue Experimente. Im Dach und an den W\u00e4nden des Objektes befinden sich \u00fcber 120 Sensoren, deren Aufgabe es ist, das bauphysikalische Verhalten des gesamten Bauwerks zu \u00fcberwachen.<\/p>\n<p>Das EnviHUT-Forschungsteam hat f\u00fcr sein Vorhaben nach einer geeigneten aggressiven Umgebung gesucht, um zu werten, wie harte und raue klimatische Bedingungen auf das getestete Bauwerk einwirken und dadurch die Alterung m\u00f6glicher Baum\u00e4ngel beschleunigen. Das Objekt ist h\u00e4ufigen Windb\u00f6en, schauerartigen Niederschl\u00e4gen und in letzter Zeit immer \u00f6fter langen Trockenperioden ausgesetzt.<\/p>\n<p>Dank internationaler Zusammenarbeit mit befreundeten Universit\u00e4ten und Forschungsinstituten aus Reykjavik (Reykjavik University), Z\u00fcrich (ZHAW) und Wien (BOKU) h\u00e4lt sich das Forschungsteam \u00fcber das aktuelle Geschehen und \u00fcber moderne Trends der angewandten Forschung auf dem Laufenden.<\/p>\n<p>Mehr unter<a href=\"http:\/\/www.envihut.com\/\"> www.envihut.com<\/a><\/p>\n<p>\t\t\t\t<a href=\"http:\/\/www.envihut.com\" target=\"_blank\" rel=\"noopener\"  itemprop=\"url\"><br \/>\n\t\t\t\t<img loading=\"lazy\" decoding=\"async\" src=\"https:\/\/aquadesk.cz\/assets\/uploads\/sites\/720\/2018\/01\/logo_envihut_di-2419-300x68.png\" alt=\"logo_envihut_di-2419\" itemprop=\"image\" height=\"68\" width=\"300\" title=\"logo_envihut_di-2419\"  \/><br \/>\n\t\t\t\t<\/a><\/p>\n<h2 >\tFAMILIENHAUS PROST\u0158EDN\u00cd BE\u010cVA, CZ<br \/>\n\t<\/h2>\n<h2 >\tFAMILIENHAUS VSET\u00cdN, CZ<br \/>\n\t<\/h2>\n<h2 >\tFAMILIENHAUS L\u00cd\u0160E\u0147, CZ<br \/>\n\t<\/h2>\n<h2 >\tFAMILIENHAUS DOLANY, CZ<br \/>\n\t<\/h2>\n","protected":false},"excerpt":{"rendered":"<p>REFERENZEN ENVIHUT EnviHUT geh\u00f6rt zu einem Freiluft-Testgel\u00e4nde der Technischen Hochschule Brno. EnviHUT ist das erste zu Test- und Unterrichtszwecken realisierte Objekt der geplanten Bebauung durch messbare, ma\u00dfstabgetreue Experimente. Im Dach und an den W\u00e4nden des Objektes befinden sich \u00fcber 120 Sensoren, deren Aufgabe es ist, das bauphysikalische Verhalten des gesamten Bauwerks zu \u00fcberwachen. Das EnviHUT-Forschungsteam&hellip;<\/p>\n","protected":false},"author":1,"featured_media":0,"parent":0,"menu_order":0,"comment_status":"closed","ping_status":"closed","template":"","meta":{"footnotes":""},"class_list":["post-1020","page","type-page","status-publish","hentry"],"yoast_head":"<title>REFERENZEN - Aquadesk<\/title>\n<meta name=\"robots\" content=\"index, follow, max-snippet:-1, max-image-preview:large, max-video-preview:-1\" \/>\n<link rel=\"canonical\" href=\"http:\/\/aquadesk.cz\/de\/referenzen\/\" \/>\n<meta property=\"og:locale\" content=\"de_DE\" \/>\n<meta property=\"og:type\" content=\"article\" \/>\n<meta property=\"og:title\" content=\"REFERENZEN - Aquadesk\" \/>\n<meta property=\"og:description\" content=\"REFERENZEN ENVIHUT EnviHUT geh\u00f6rt zu einem Freiluft-Testgel\u00e4nde der Technischen Hochschule Brno. EnviHUT ist das erste zu Test- und Unterrichtszwecken realisierte Objekt der geplanten Bebauung durch messbare, ma\u00dfstabgetreue Experimente. Im Dach und an den W\u00e4nden des Objektes befinden sich \u00fcber 120 Sensoren, deren Aufgabe es ist, das bauphysikalische Verhalten des gesamten Bauwerks zu \u00fcberwachen. Das EnviHUT-Forschungsteam&hellip;\" \/>\n<meta property=\"og:url\" content=\"http:\/\/aquadesk.cz\/de\/referenzen\/\" \/>\n<meta property=\"og:site_name\" content=\"Aquadesk\" \/>\n<meta property=\"article:modified_time\" content=\"2018-09-10T19:00:10+00:00\" \/>\n<meta property=\"og:image\" content=\"https:\/\/aquadesk.cz\/assets\/uploads\/sites\/720\/2018\/01\/logo_envihut_di-2419-300x68.png\" \/>\n<meta name=\"twitter:card\" content=\"summary_large_image\" \/>\n<meta name=\"twitter:label1\" content=\"Gesch\u00e4tzte Lesezeit\" \/>\n\t<meta name=\"twitter:data1\" content=\"1\u00a0Minute\" \/>\n<script type=\"application\/ld+json\" class=\"yoast-schema-graph\">{\"@context\":\"https:\/\/schema.org\",\"@graph\":[{\"@type\":\"WebPage\",\"@id\":\"http:\/\/aquadesk.cz\/de\/referenzen\/\",\"url\":\"http:\/\/aquadesk.cz\/de\/referenzen\/\",\"name\":\"REFERENZEN - Aquadesk\",\"isPartOf\":{\"@id\":\"https:\/\/aquadesk.cz\/en\/#website\"},\"datePublished\":\"2018-01-24T12:31:48+00:00\",\"dateModified\":\"2018-09-10T19:00:10+00:00\",\"breadcrumb\":{\"@id\":\"http:\/\/aquadesk.cz\/de\/referenzen\/#breadcrumb\"},\"inLanguage\":\"de\",\"potentialAction\":[{\"@type\":\"ReadAction\",\"target\":[\"http:\/\/aquadesk.cz\/de\/referenzen\/\"]}]},{\"@type\":\"BreadcrumbList\",\"@id\":\"http:\/\/aquadesk.cz\/de\/referenzen\/#breadcrumb\",\"itemListElement\":[{\"@type\":\"ListItem\",\"position\":1,\"name\":\"Dom\u016f\",\"item\":\"http:\/\/aquadesk.cz\/de\/\"},{\"@type\":\"ListItem\",\"position\":2,\"name\":\"REFERENZEN\"}]},{\"@type\":\"WebSite\",\"@id\":\"https:\/\/aquadesk.cz\/en\/#website\",\"url\":\"https:\/\/aquadesk.cz\/en\/\",\"name\":\"Aquadesk\",\"description\":\"RETEX, a.s. spole\u010dn\u011b s Fakultou stavebn\u00ed VUT v Brn\u011b se sna\u017e\u00ed prost\u0159ednictv\u00edm aktu\u00e1ln\u011b vyv\u00edjen\u00e9ho materi\u00e1lu AQUADESK p\u0159in\u00e9st co nejzaj\u00edmav\u011bj\u0161\u00ed a co nejp\u0159esn\u011bji \u201ena m\u00edru \u0161it\u00e9&quot; \u0159e\u0161en\u00ed pro specifick\u00e9 podm\u00ednky \u010cesk\u00e9 republiky, pota\u017emo regionu st\u0159edn\u00ed Evropy.\",\"potentialAction\":[{\"@type\":\"SearchAction\",\"target\":{\"@type\":\"EntryPoint\",\"urlTemplate\":\"https:\/\/aquadesk.cz\/en\/?s={search_term_string}\"},\"query-input\":\"required name=search_term_string\"}],\"inLanguage\":\"de\"}]}<\/script>","yoast_head_json":{"title":"REFERENZEN - Aquadesk","robots":{"index":"index","follow":"follow","max-snippet":"max-snippet:-1","max-image-preview":"max-image-preview:large","max-video-preview":"max-video-preview:-1"},"canonical":"http:\/\/aquadesk.cz\/de\/referenzen\/","og_locale":"de_DE","og_type":"article","og_title":"REFERENZEN - Aquadesk","og_description":"REFERENZEN ENVIHUT EnviHUT geh\u00f6rt zu einem Freiluft-Testgel\u00e4nde der Technischen Hochschule Brno. EnviHUT ist das erste zu Test- und Unterrichtszwecken realisierte Objekt der geplanten Bebauung durch messbare, ma\u00dfstabgetreue Experimente. Im Dach und an den W\u00e4nden des Objektes befinden sich \u00fcber 120 Sensoren, deren Aufgabe es ist, das bauphysikalische Verhalten des gesamten Bauwerks zu \u00fcberwachen. Das EnviHUT-Forschungsteam&hellip;","og_url":"http:\/\/aquadesk.cz\/de\/referenzen\/","og_site_name":"Aquadesk","article_modified_time":"2018-09-10T19:00:10+00:00","og_image":[{"url":"https:\/\/aquadesk.cz\/assets\/uploads\/sites\/720\/2018\/01\/logo_envihut_di-2419-300x68.png"}],"twitter_card":"summary_large_image","twitter_misc":{"Gesch\u00e4tzte Lesezeit":"1\u00a0Minute"},"schema":{"@context":"https:\/\/schema.org","@graph":[{"@type":"WebPage","@id":"http:\/\/aquadesk.cz\/de\/referenzen\/","url":"http:\/\/aquadesk.cz\/de\/referenzen\/","name":"REFERENZEN - Aquadesk","isPartOf":{"@id":"https:\/\/aquadesk.cz\/en\/#website"},"datePublished":"2018-01-24T12:31:48+00:00","dateModified":"2018-09-10T19:00:10+00:00","breadcrumb":{"@id":"http:\/\/aquadesk.cz\/de\/referenzen\/#breadcrumb"},"inLanguage":"de","potentialAction":[{"@type":"ReadAction","target":["http:\/\/aquadesk.cz\/de\/referenzen\/"]}]},{"@type":"BreadcrumbList","@id":"http:\/\/aquadesk.cz\/de\/referenzen\/#breadcrumb","itemListElement":[{"@type":"ListItem","position":1,"name":"Dom\u016f","item":"http:\/\/aquadesk.cz\/de\/"},{"@type":"ListItem","position":2,"name":"REFERENZEN"}]},{"@type":"WebSite","@id":"https:\/\/aquadesk.cz\/en\/#website","url":"https:\/\/aquadesk.cz\/en\/","name":"Aquadesk","description":"RETEX, a.s. spole\u010dn\u011b s Fakultou stavebn\u00ed VUT v Brn\u011b se sna\u017e\u00ed prost\u0159ednictv\u00edm aktu\u00e1ln\u011b vyv\u00edjen\u00e9ho materi\u00e1lu AQUADESK p\u0159in\u00e9st co nejzaj\u00edmav\u011bj\u0161\u00ed a co nejp\u0159esn\u011bji \u201ena m\u00edru \u0161it\u00e9&quot; \u0159e\u0161en\u00ed pro specifick\u00e9 podm\u00ednky \u010cesk\u00e9 republiky, pota\u017emo regionu st\u0159edn\u00ed Evropy.","potentialAction":[{"@type":"SearchAction","target":{"@type":"EntryPoint","urlTemplate":"https:\/\/aquadesk.cz\/en\/?s={search_term_string}"},"query-input":"required name=search_term_string"}],"inLanguage":"de"}]}},"_links":{"self":[{"href":"http:\/\/aquadesk.cz\/de\/wp-json\/wp\/v2\/pages\/1020","targetHints":{"allow":["GET"]}}],"collection":[{"href":"http:\/\/aquadesk.cz\/de\/wp-json\/wp\/v2\/pages"}],"about":[{"href":"http:\/\/aquadesk.cz\/de\/wp-json\/wp\/v2\/types\/page"}],"author":[{"embeddable":true,"href":"http:\/\/aquadesk.cz\/de\/wp-json\/wp\/v2\/users\/1"}],"replies":[{"embeddable":true,"href":"http:\/\/aquadesk.cz\/de\/wp-json\/wp\/v2\/comments?post=1020"}],"version-history":[{"count":2,"href":"http:\/\/aquadesk.cz\/de\/wp-json\/wp\/v2\/pages\/1020\/revisions"}],"predecessor-version":[{"id":1055,"href":"http:\/\/aquadesk.cz\/de\/wp-json\/wp\/v2\/pages\/1020\/revisions\/1055"}],"wp:attachment":[{"href":"http:\/\/aquadesk.cz\/de\/wp-json\/wp\/v2\/media?parent=1020"}],"curies":[{"name":"wp","href":"https:\/\/api.w.org\/{rel}","templated":true}]}}